{"id":51,"date":"2022-10-07T08:06:03","date_gmt":"2022-10-07T08:06:03","guid":{"rendered":"https:\/\/khelidone-groupe.fr\/?page_id=51"},"modified":"2023-03-11T21:46:54","modified_gmt":"2023-03-11T21:46:54","slug":"nos-programmes-immobilier","status":"publish","type":"page","link":"https:\/\/khelidone-groupe.fr\/?page_id=51","title":{"rendered":"Nos programmes | IMMOBILIER |"},"content":{"rendered":"<p>[et_pb_section fb_built=\u00a0\u00bb1&Prime; admin_label=\u00a0\u00bbHeader\u00a0\u00bb _builder_version=\u00a0\u00bb4.16&Prime; use_background_color_gradient=\u00a0\u00bbon\u00a0\u00bb background_color_gradient_stops=\u00a0\u00bbrgba(0,19,46,0.6) 0%|rgba(0,19,46,0.6) 100%\u00a0\u00bb background_color_gradient_overlays_image=\u00a0\u00bbon\u00a0\u00bb background_color_gradient_start=\u00a0\u00bbrgba(0,19,46,0.6)\u00a0\u00bb background_color_gradient_end=\u00a0\u00bbrgba(0,19,46,0.6)\u00a0\u00bb background_image=\u00a0\u00bbhttps:\/\/khelidone-groupe.fr\/wp-content\/uploads\/2022\/10\/financial-advisor-44.jpg\u00a0\u00bb custom_padding=\u00a0\u00bb||8vw||false|false\u00a0\u00bb locked=\u00a0\u00bboff\u00a0\u00bb global_colors_info=\u00a0\u00bb{}\u00a0\u00bb][et_pb_row _builder_version=\u00a0\u00bb4.16&Prime; global_colors_info=\u00a0\u00bb{}\u00a0\u00bb][et_pb_column type=\u00a0\u00bb4_4&Prime; _builder_version=\u00a0\u00bb4.16&Prime; global_colors_info=\u00a0\u00bb{}\u00a0\u00bb][et_pb_text _builder_version=\u00a0\u00bb4.18.0&Prime; header_font=\u00a0\u00bbDarker Grotesque|900|||||||\u00a0\u00bb header_font_size=\u00a0\u00bb100px\u00a0\u00bb background_layout=\u00a0\u00bbdark\u00a0\u00bb max_width=\u00a0\u00bb760px\u00a0\u00bb custom_margin=\u00a0\u00bb||||false|false\u00a0\u00bb header_font_size_tablet=\u00a0\u00bb70px\u00a0\u00bb header_font_size_phone=\u00a0\u00bb48px\u00a0\u00bb header_font_size_last_edited=\u00a0\u00bbon|phone\u00a0\u00bb global_colors_info=\u00a0\u00bb{}\u00a0\u00bb]<\/p>\n<h1>Nos Programmes<\/h1>\n<p>[\/et_pb_text][\/et_pb_column][\/et_pb_row][\/et_pb_section][et_pb_section fb_built=\u00a0\u00bb1&Prime; admin_label=\u00a0\u00bbBlog\u00a0\u00bb _builder_version=\u00a0\u00bb4.18.0&Prime; background_image=\u00a0\u00bbhttps:\/\/khelidone-groupe.fr\/wp-content\/uploads\/2022\/10\/financial-advisor-background-1.png\u00a0\u00bb background_size=\u00a0\u00bbinitial\u00a0\u00bb global_colors_info=\u00a0\u00bb{}\u00a0\u00bb][et_pb_row _builder_version=\u00a0\u00bb4.18.0&Prime; _module_preset=\u00a0\u00bbdefault\u00a0\u00bb custom_margin=\u00a0\u00bb-8vw||||false|false\u00a0\u00bb global_colors_info=\u00a0\u00bb{}\u00a0\u00bb][et_pb_column type=\u00a0\u00bb4_4&Prime; _builder_version=\u00a0\u00bb4.18.0&Prime; _module_preset=\u00a0\u00bbdefault\u00a0\u00bb global_colors_info=\u00a0\u00bb{}\u00a0\u00bb][et_pb_image src=\u00a0\u00bbhttps:\/\/khelidone-groupe.fr\/wp-content\/uploads\/2022\/10\/Untitled-1.png\u00a0\u00bb title_text=\u00a0\u00bbR\u00e9sidence EL BOCA-BOCA | Eligible LOI MALRAUX\u00a0\u00bb _builder_version=\u00a0\u00bb4.18.0&Prime; _module_preset=\u00a0\u00bbdefault\u00a0\u00bb global_colors_info=\u00a0\u00bb{}\u00a0\u00bb][\/et_pb_image][\/et_pb_column][\/et_pb_row][et_pb_row _builder_version=\u00a0\u00bb4.18.0&Prime; _module_preset=\u00a0\u00bbdefault\u00a0\u00bb global_colors_info=\u00a0\u00bb{}\u00a0\u00bb][et_pb_column type=\u00a0\u00bb4_4&Prime; _builder_version=\u00a0\u00bb4.18.0&Prime; _module_preset=\u00a0\u00bbdefault\u00a0\u00bb global_colors_info=\u00a0\u00bb{}\u00a0\u00bb][et_pb_button button_url=\u00a0\u00bbhttps:\/\/khelidone-groupe.fr\/wp-content\/uploads\/2022\/10\/KhelidonePERPIGNAN-Plaquette-BOCA-BOCA.pdf\u00a0\u00bb button_text=\u00a0\u00bbCONSULTER LA PLAQUETTE\u00a0\u00bb button_alignment=\u00a0\u00bbcenter\u00a0\u00bb _builder_version=\u00a0\u00bb4.18.0&Prime; _module_preset=\u00a0\u00bbdefault\u00a0\u00bb custom_button=\u00a0\u00bbon\u00a0\u00bb button_text_color=\u00a0\u00bb#FFFFFF\u00a0\u00bb button_bg_color=\u00a0\u00bb#5b2c60&Prime; button_border_width=\u00a0\u00bb0px\u00a0\u00bb button_font=\u00a0\u00bb|700|||||||\u00a0\u00bb custom_margin=\u00a0\u00bb0vw||||false|false\u00a0\u00bb global_colors_info=\u00a0\u00bb{}\u00a0\u00bb][\/et_pb_button][\/et_pb_column][\/et_pb_row][\/et_pb_section][et_pb_section fb_built=\u00a0\u00bb1&Prime; admin_label=\u00a0\u00bbBlog\u00a0\u00bb _builder_version=\u00a0\u00bb4.18.0&Prime; background_image=\u00a0\u00bbhttps:\/\/khelidone-groupe.fr\/wp-content\/uploads\/2022\/10\/financial-advisor-background-1.png\u00a0\u00bb background_size=\u00a0\u00bbinitial\u00a0\u00bb hover_enabled=\u00a0\u00bb0&Prime; global_colors_info=\u00a0\u00bb{}\u00a0\u00bb background_color=\u00a0\u00bbRGBA(255,255,255,0)\u00a0\u00bb sticky_enabled=\u00a0\u00bb0&Prime; use_background_color_gradient=\u00a0\u00bbon\u00a0\u00bb background_color_gradient_stops=\u00a0\u00bb#ffffff 0%|rgba(165,165,165,0.29) 100%\u00a0\u00bb background_color_gradient_direction=\u00a0\u00bb170deg\u00a0\u00bb][et_pb_row _builder_version=\u00a0\u00bb4.18.0&Prime; _module_preset=\u00a0\u00bbdefault\u00a0\u00bb custom_margin=\u00a0\u00bb-8vw||||false|false\u00a0\u00bb global_colors_info=\u00a0\u00bb{}\u00a0\u00bb][et_pb_column type=\u00a0\u00bb4_4&Prime; _builder_version=\u00a0\u00bb4.18.0&Prime; _module_preset=\u00a0\u00bbdefault\u00a0\u00bb global_colors_info=\u00a0\u00bb{}\u00a0\u00bb][et_pb_image src=\u00a0\u00bbhttps:\/\/khelidone-groupe.fr\/wp-content\/uploads\/2023\/03\/immage-profil-texte.jpg\u00a0\u00bb title_text=\u00a0\u00bbimmage profil texte\u00a0\u00bb _builder_version=\u00a0\u00bb4.18.0&Prime; _module_preset=\u00a0\u00bbdefault\u00a0\u00bb hover_enabled=\u00a0\u00bb0&Prime; global_colors_info=\u00a0\u00bb{}\u00a0\u00bb sticky_enabled=\u00a0\u00bb0&Prime;][\/et_pb_image][\/et_pb_column][\/et_pb_row][et_pb_row _builder_version=\u00a0\u00bb4.18.0&Prime; _module_preset=\u00a0\u00bbdefault\u00a0\u00bb global_colors_info=\u00a0\u00bb{}\u00a0\u00bb][et_pb_column type=\u00a0\u00bb4_4&Prime; _builder_version=\u00a0\u00bb4.18.0&Prime; _module_preset=\u00a0\u00bbdefault\u00a0\u00bb global_colors_info=\u00a0\u00bb{}\u00a0\u00bb][et_pb_button button_url=\u00a0\u00bbhttps:\/\/khelidone-groupe.fr\/wp-content\/uploads\/2023\/03\/PDV-2023-02-03.pdf\u00a0\u00bb button_text=\u00a0\u00bbCONSULTER LES PLANS DE VENTE\u00a0\u00bb button_alignment=\u00a0\u00bbcenter\u00a0\u00bb _builder_version=\u00a0\u00bb4.18.0&Prime; _module_preset=\u00a0\u00bbdefault\u00a0\u00bb custom_button=\u00a0\u00bbon\u00a0\u00bb button_text_color=\u00a0\u00bb#FFFFFF\u00a0\u00bb button_bg_color=\u00a0\u00bb#5b2c60&Prime; button_border_width=\u00a0\u00bb0px\u00a0\u00bb button_font=\u00a0\u00bb|700|||||||\u00a0\u00bb custom_margin=\u00a0\u00bb0vw||||false|false\u00a0\u00bb global_colors_info=\u00a0\u00bb{}\u00a0\u00bb][\/et_pb_button][\/et_pb_column][\/et_pb_row][\/et_pb_section][et_pb_section fb_built=\u00a0\u00bb1&Prime; admin_label=\u00a0\u00bbResources\u00a0\u00bb _builder_version=\u00a0\u00bb4.16&Prime; background_image=\u00a0\u00bbhttps:\/\/khelidone-groupe.fr\/wp-content\/uploads\/2022\/10\/financial-advisor-background-4.png\u00a0\u00bb background_size=\u00a0\u00bbinitial\u00a0\u00bb background_position=\u00a0\u00bbtop_center\u00a0\u00bb locked=\u00a0\u00bboff\u00a0\u00bb global_colors_info=\u00a0\u00bb{}\u00a0\u00bb][et_pb_row column_structure=\u00a0\u00bb1_2,1_2&Prime; make_equal=\u00a0\u00bbon\u00a0\u00bb _builder_version=\u00a0\u00bb4.18.0&Prime; locked=\u00a0\u00bboff\u00a0\u00bb global_colors_info=\u00a0\u00bb{}\u00a0\u00bb][et_pb_column type=\u00a0\u00bb1_2&Prime; _builder_version=\u00a0\u00bb4.18.0&Prime; background_color=\u00a0\u00bb#5b2c60&Prime; custom_padding=\u00a0\u00bb30px|30px|30px|30px|true|true\u00a0\u00bb custom_padding_tablet=\u00a0\u00bb\u00a0\u00bb custom_padding_phone=\u00a0\u00bb|20px||20px|true|true\u00a0\u00bb custom_padding_last_edited=\u00a0\u00bbon|phone\u00a0\u00bb global_colors_info=\u00a0\u00bb{}\u00a0\u00bb][et_pb_image src=\u00a0\u00bbhttps:\/\/khelidone-groupe.fr\/wp-content\/uploads\/2022\/10\/financial-advisor-icon-7.png\u00a0\u00bb _builder_version=\u00a0\u00bb4.16&Prime; global_colors_info=\u00a0\u00bb{}\u00a0\u00bb][\/et_pb_image][et_pb_text _builder_version=\u00a0\u00bb4.18.0&Prime; text_font=\u00a0\u00bbDarker Grotesque|600|||||||\u00a0\u00bb text_text_color=\u00a0\u00bb#ddccb8&Prime; text_font_size=\u00a0\u00bb18px\u00a0\u00bb text_line_height=\u00a0\u00bb1.4em\u00a0\u00bb header_font=\u00a0\u00bbDarker Grotesque|900|||||||\u00a0\u00bb header_text_color=\u00a0\u00bb#ddccb8&Prime; header_font_size=\u00a0\u00bb36px\u00a0\u00bb header_2_font=\u00a0\u00bbDarker Grotesque|900|||||||\u00a0\u00bb header_2_text_color=\u00a0\u00bb#ddccb8&Prime; header_2_font_size=\u00a0\u00bb36px\u00a0\u00bb header_3_font=\u00a0\u00bbDarker Grotesque|900|||||||\u00a0\u00bb header_3_text_color=\u00a0\u00bb#ddccb8&Prime; header_3_font_size=\u00a0\u00bb36px\u00a0\u00bb header_4_font=\u00a0\u00bbDarker Grotesque|900|||||||\u00a0\u00bb header_4_text_color=\u00a0\u00bb#ddccb8&Prime; header_4_font_size=\u00a0\u00bb36px\u00a0\u00bb header_5_font=\u00a0\u00bbDarker Grotesque|900|||||||\u00a0\u00bb header_5_text_color=\u00a0\u00bb#ddccb8&Prime; header_5_font_size=\u00a0\u00bb36px\u00a0\u00bb header_6_font=\u00a0\u00bbDarker Grotesque|900|||||||\u00a0\u00bb header_6_text_color=\u00a0\u00bb#ddccb8&Prime; header_6_font_size=\u00a0\u00bb36px\u00a0\u00bb background_layout=\u00a0\u00bbdark\u00a0\u00bb header_font_size_tablet=\u00a0\u00bb30px\u00a0\u00bb header_font_size_phone=\u00a0\u00bb24px\u00a0\u00bb header_font_size_last_edited=\u00a0\u00bbon|phone\u00a0\u00bb header_2_font_size_tablet=\u00a0\u00bb30px\u00a0\u00bb header_2_font_size_phone=\u00a0\u00bb24px\u00a0\u00bb header_2_font_size_last_edited=\u00a0\u00bbon|phone\u00a0\u00bb header_3_font_size_tablet=\u00a0\u00bb30px\u00a0\u00bb header_3_font_size_phone=\u00a0\u00bb24px\u00a0\u00bb header_3_font_size_last_edited=\u00a0\u00bbon|phone\u00a0\u00bb header_4_font_size_tablet=\u00a0\u00bb30px\u00a0\u00bb header_4_font_size_phone=\u00a0\u00bb24px\u00a0\u00bb header_4_font_size_last_edited=\u00a0\u00bbon|phone\u00a0\u00bb header_5_font_size_tablet=\u00a0\u00bb30px\u00a0\u00bb header_5_font_size_phone=\u00a0\u00bb24px\u00a0\u00bb header_5_font_size_last_edited=\u00a0\u00bbon|phone\u00a0\u00bb header_6_font_size_tablet=\u00a0\u00bb30px\u00a0\u00bb header_6_font_size_phone=\u00a0\u00bb24px\u00a0\u00bb header_6_font_size_last_edited=\u00a0\u00bbon|phone\u00a0\u00bb global_colors_info=\u00a0\u00bb{}\u00a0\u00bb]<\/p>\n<h3>Entre 12,000\u20ac et 30,000\u20ac de r\u00e9duction d&rsquo;imp\u00f4ts par an pendant 4 ans<\/h3>\n<p>[\/et_pb_text][et_pb_text _builder_version=\u00a0\u00bb4.18.0&Prime; text_font=\u00a0\u00bbDarker Grotesque|600|||||||\u00a0\u00bb text_text_color=\u00a0\u00bb#ddccb8&Prime; text_font_size=\u00a0\u00bb18px\u00a0\u00bb text_line_height=\u00a0\u00bb1.4em\u00a0\u00bb header_font=\u00a0\u00bbDarker Grotesque|900|||||||\u00a0\u00bb header_text_color=\u00a0\u00bb#ddccb8&Prime; header_font_size=\u00a0\u00bb36px\u00a0\u00bb header_2_font=\u00a0\u00bbDarker Grotesque|900|||||||\u00a0\u00bb header_2_text_color=\u00a0\u00bb#ddccb8&Prime; header_2_font_size=\u00a0\u00bb36px\u00a0\u00bb header_3_font=\u00a0\u00bbDarker Grotesque|900|||||||\u00a0\u00bb header_3_text_color=\u00a0\u00bb#ddccb8&Prime; header_3_font_size=\u00a0\u00bb36px\u00a0\u00bb header_4_font=\u00a0\u00bbDarker Grotesque|900|||||||\u00a0\u00bb header_4_text_color=\u00a0\u00bb#ddccb8&Prime; header_4_font_size=\u00a0\u00bb36px\u00a0\u00bb header_5_font=\u00a0\u00bbDarker Grotesque|900|||||||\u00a0\u00bb header_5_text_color=\u00a0\u00bb#ddccb8&Prime; header_5_font_size=\u00a0\u00bb36px\u00a0\u00bb header_6_font=\u00a0\u00bbDarker Grotesque|900|||||||\u00a0\u00bb header_6_text_color=\u00a0\u00bb#ddccb8&Prime; header_6_font_size=\u00a0\u00bb36px\u00a0\u00bb background_layout=\u00a0\u00bbdark\u00a0\u00bb custom_margin=\u00a0\u00bb60px||||false|false\u00a0\u00bb header_font_size_tablet=\u00a0\u00bb30px\u00a0\u00bb header_font_size_phone=\u00a0\u00bb24px\u00a0\u00bb header_font_size_last_edited=\u00a0\u00bbon|phone\u00a0\u00bb header_2_font_size_tablet=\u00a0\u00bb30px\u00a0\u00bb header_2_font_size_phone=\u00a0\u00bb24px\u00a0\u00bb header_2_font_size_last_edited=\u00a0\u00bbon|phone\u00a0\u00bb header_3_font_size_tablet=\u00a0\u00bb30px\u00a0\u00bb header_3_font_size_phone=\u00a0\u00bb24px\u00a0\u00bb header_3_font_size_last_edited=\u00a0\u00bbon|phone\u00a0\u00bb header_4_font_size_tablet=\u00a0\u00bb30px\u00a0\u00bb header_4_font_size_phone=\u00a0\u00bb24px\u00a0\u00bb header_4_font_size_last_edited=\u00a0\u00bbon|phone\u00a0\u00bb header_5_font_size_tablet=\u00a0\u00bb30px\u00a0\u00bb header_5_font_size_phone=\u00a0\u00bb24px\u00a0\u00bb header_5_font_size_last_edited=\u00a0\u00bbon|phone\u00a0\u00bb header_6_font_size_tablet=\u00a0\u00bb30px\u00a0\u00bb header_6_font_size_phone=\u00a0\u00bb24px\u00a0\u00bb header_6_font_size_last_edited=\u00a0\u00bbon|phone\u00a0\u00bb global_colors_info=\u00a0\u00bb{}\u00a0\u00bb]Au coeur du centre Historique de Perpignan, cette r\u00e9sidence de Standing \u00e0 l\u2019architecture typique de la ville \u00e0 \u00e9t\u00e9 repens\u00e9e int\u00e9rieurement pour laisser place \u00e0 d\u2019agr\u00e9ables appartements de Grand Standing \u00e0 proximit\u00e9 de toutes les commodit\u00e9s.[\/et_pb_text][\/et_pb_column][et_pb_column type=\u00a0\u00bb1_2&Prime; _builder_version=\u00a0\u00bb4.16&Prime; background_color=\u00a0\u00bb#ddccb8&Prime; custom_padding=\u00a0\u00bb30px|30px|30px|30px|true|true\u00a0\u00bb custom_padding_tablet=\u00a0\u00bb\u00a0\u00bb custom_padding_phone=\u00a0\u00bb|20px||20px|true|true\u00a0\u00bb custom_padding_last_edited=\u00a0\u00bbon|phone\u00a0\u00bb global_colors_info=\u00a0\u00bb{}\u00a0\u00bb][et_pb_image src=\u00a0\u00bbhttps:\/\/khelidone-groupe.fr\/wp-content\/uploads\/2022\/10\/financial-advisor-icon-10-2.png\u00a0\u00bb _builder_version=\u00a0\u00bb4.16&Prime; locked=\u00a0\u00bboff\u00a0\u00bb global_colors_info=\u00a0\u00bb{}\u00a0\u00bb][\/et_pb_image][et_pb_text _builder_version=\u00a0\u00bb4.18.0&Prime; text_font=\u00a0\u00bbDarker Grotesque|600|||||||\u00a0\u00bb text_text_color=\u00a0\u00bb#ddccb8&Prime; text_font_size=\u00a0\u00bb18px\u00a0\u00bb text_line_height=\u00a0\u00bb1.4em\u00a0\u00bb header_font=\u00a0\u00bbDarker Grotesque|900|||||||\u00a0\u00bb header_text_color=\u00a0\u00bb#ddccb8&Prime; header_font_size=\u00a0\u00bb36px\u00a0\u00bb header_2_font=\u00a0\u00bbDarker Grotesque|900|||||||\u00a0\u00bb header_2_text_color=\u00a0\u00bb#ddccb8&Prime; header_2_font_size=\u00a0\u00bb36px\u00a0\u00bb header_3_font=\u00a0\u00bbDarker Grotesque|900|||||||\u00a0\u00bb header_3_text_color=\u00a0\u00bb#5b2c60&Prime; header_3_font_size=\u00a0\u00bb36px\u00a0\u00bb header_4_font=\u00a0\u00bbDarker Grotesque|900|||||||\u00a0\u00bb header_4_text_color=\u00a0\u00bb#ddccb8&Prime; header_4_font_size=\u00a0\u00bb36px\u00a0\u00bb header_5_font=\u00a0\u00bbDarker Grotesque|900|||||||\u00a0\u00bb header_5_text_color=\u00a0\u00bb#ddccb8&Prime; header_5_font_size=\u00a0\u00bb36px\u00a0\u00bb header_6_font=\u00a0\u00bbDarker Grotesque|900|||||||\u00a0\u00bb header_6_text_color=\u00a0\u00bb#ddccb8&Prime; header_6_font_size=\u00a0\u00bb36px\u00a0\u00bb header_font_size_tablet=\u00a0\u00bb30px\u00a0\u00bb header_font_size_phone=\u00a0\u00bb24px\u00a0\u00bb header_font_size_last_edited=\u00a0\u00bbon|phone\u00a0\u00bb header_2_font_size_tablet=\u00a0\u00bb30px\u00a0\u00bb header_2_font_size_phone=\u00a0\u00bb24px\u00a0\u00bb header_2_font_size_last_edited=\u00a0\u00bbon|phone\u00a0\u00bb header_3_font_size_tablet=\u00a0\u00bb30px\u00a0\u00bb header_3_font_size_phone=\u00a0\u00bb24px\u00a0\u00bb header_3_font_size_last_edited=\u00a0\u00bbon|phone\u00a0\u00bb header_4_font_size_tablet=\u00a0\u00bb30px\u00a0\u00bb header_4_font_size_phone=\u00a0\u00bb24px\u00a0\u00bb header_4_font_size_last_edited=\u00a0\u00bbon|phone\u00a0\u00bb header_5_font_size_tablet=\u00a0\u00bb30px\u00a0\u00bb header_5_font_size_phone=\u00a0\u00bb24px\u00a0\u00bb header_5_font_size_last_edited=\u00a0\u00bbon|phone\u00a0\u00bb header_6_font_size_tablet=\u00a0\u00bb30px\u00a0\u00bb header_6_font_size_phone=\u00a0\u00bb24px\u00a0\u00bb header_6_font_size_last_edited=\u00a0\u00bbon|phone\u00a0\u00bb locked=\u00a0\u00bboff\u00a0\u00bb global_colors_info=\u00a0\u00bb{}\u00a0\u00bb]<\/p>\n<h3>15 Appartements | du T1 Bis au T3 Bis<\/h3>\n<p>[\/et_pb_text][et_pb_text _builder_version=\u00a0\u00bb4.18.0&Prime; text_font=\u00a0\u00bbDarker Grotesque|600|||||||\u00a0\u00bb text_text_color=\u00a0\u00bb#5b2c60&Prime; text_font_size=\u00a0\u00bb18px\u00a0\u00bb text_line_height=\u00a0\u00bb1.4em\u00a0\u00bb header_font=\u00a0\u00bbDarker Grotesque|900|||||||\u00a0\u00bb header_text_color=\u00a0\u00bb#ddccb8&Prime; header_font_size=\u00a0\u00bb36px\u00a0\u00bb header_2_font=\u00a0\u00bbDarker Grotesque|900|||||||\u00a0\u00bb header_2_text_color=\u00a0\u00bb#ddccb8&Prime; header_2_font_size=\u00a0\u00bb36px\u00a0\u00bb header_3_font=\u00a0\u00bbDarker Grotesque|900|||||||\u00a0\u00bb header_3_text_color=\u00a0\u00bb#ddccb8&Prime; header_3_font_size=\u00a0\u00bb36px\u00a0\u00bb header_4_font=\u00a0\u00bbDarker Grotesque|900|||||||\u00a0\u00bb header_4_text_color=\u00a0\u00bb#ddccb8&Prime; header_4_font_size=\u00a0\u00bb36px\u00a0\u00bb header_5_font=\u00a0\u00bbDarker Grotesque|900|||||||\u00a0\u00bb header_5_text_color=\u00a0\u00bb#ddccb8&Prime; header_5_font_size=\u00a0\u00bb36px\u00a0\u00bb header_6_font=\u00a0\u00bbDarker Grotesque|900|||||||\u00a0\u00bb header_6_text_color=\u00a0\u00bb#ddccb8&Prime; header_6_font_size=\u00a0\u00bb36px\u00a0\u00bb background_layout=\u00a0\u00bbdark\u00a0\u00bb custom_margin=\u00a0\u00bb60px||||false|false\u00a0\u00bb header_font_size_tablet=\u00a0\u00bb30px\u00a0\u00bb header_font_size_phone=\u00a0\u00bb24px\u00a0\u00bb header_font_size_last_edited=\u00a0\u00bbon|phone\u00a0\u00bb header_2_font_size_tablet=\u00a0\u00bb30px\u00a0\u00bb header_2_font_size_phone=\u00a0\u00bb24px\u00a0\u00bb header_2_font_size_last_edited=\u00a0\u00bbon|phone\u00a0\u00bb header_3_font_size_tablet=\u00a0\u00bb30px\u00a0\u00bb header_3_font_size_phone=\u00a0\u00bb24px\u00a0\u00bb header_3_font_size_last_edited=\u00a0\u00bbon|phone\u00a0\u00bb header_4_font_size_tablet=\u00a0\u00bb30px\u00a0\u00bb header_4_font_size_phone=\u00a0\u00bb24px\u00a0\u00bb header_4_font_size_last_edited=\u00a0\u00bbon|phone\u00a0\u00bb header_5_font_size_tablet=\u00a0\u00bb30px\u00a0\u00bb header_5_font_size_phone=\u00a0\u00bb24px\u00a0\u00bb header_5_font_size_last_edited=\u00a0\u00bbon|phone\u00a0\u00bb header_6_font_size_tablet=\u00a0\u00bb30px\u00a0\u00bb header_6_font_size_phone=\u00a0\u00bb24px\u00a0\u00bb header_6_font_size_last_edited=\u00a0\u00bbon|phone\u00a0\u00bb locked=\u00a0\u00bboff\u00a0\u00bb global_colors_info=\u00a0\u00bb{}\u00a0\u00bb]<strong>Une r\u00e9sidence Patrimoniale id\u00e9ale pour investir ou habiter.<\/strong><\/p>\n<ul>\n<li>\u00c0 2 minutes \u00e0 pieds de toutes les commodit\u00e9s et des transports<\/li>\n<li>\u00c0 10 minutes \u00e0 pieds de la Gare SNCF<\/li>\n<li>Une ville dynamique et festive du sud de la France.<\/li>\n<p>[\/et_pb_text][\/et_pb_column][\/et_pb_row][\/et_pb_section][et_pb_section fb_built=\u00a0\u00bb1&Prime; admin_label=\u00a0\u00bbFooter\u00a0\u00bb _builder_version=\u00a0\u00bb4.18.0&Prime; background_enable_color=\u00a0\u00bboff\u00a0\u00bb use_background_color_gradient=\u00a0\u00bbon\u00a0\u00bb background_color_gradient_stops=\u00a0\u00bbrgba(249,243,232,0.85) 0%|rgba(249,243,232,0.9) 100%\u00a0\u00bb background_color_gradient_overlays_image=\u00a0\u00bbon\u00a0\u00bb background_color_gradient_start=\u00a0\u00bbrgba(249,243,232,0.85)\u00a0\u00bb background_color_gradient_end=\u00a0\u00bbrgba(249,243,232,0.9)\u00a0\u00bb background_image=\u00a0\u00bbhttps:\/\/khelidone-groupe.fr\/wp-content\/uploads\/2022\/10\/financial-advisor-41.jpg\u00a0\u00bb hover_enabled=\u00a0\u00bb0&Prime; locked=\u00a0\u00bboff\u00a0\u00bb global_colors_info=\u00a0\u00bb{}\u00a0\u00bb sticky_enabled=\u00a0\u00bb0&Prime;][et_pb_row column_structure=\u00a0\u00bb1_4,1_4,1_2&Prime; _builder_version=\u00a0\u00bb4.16&Prime; locked=\u00a0\u00bboff\u00a0\u00bb global_colors_info=\u00a0\u00bb{}\u00a0\u00bb][et_pb_column type=\u00a0\u00bb1_4&Prime; _builder_version=\u00a0\u00bb4.16&Prime; global_colors_info=\u00a0\u00bb{}\u00a0\u00bb][et_pb_image src=\u00a0\u00bbhttps:\/\/khelidone-groupe.fr\/wp-content\/uploads\/2022\/10\/Logo-KHELIDONE-Transparent.png\u00a0\u00bb title_text=\u00a0\u00bbLogo-KHELIDONE-Transparent\u00a0\u00bb _builder_version=\u00a0\u00bb4.18.0&Prime; global_colors_info=\u00a0\u00bb{}\u00a0\u00bb][\/et_pb_image][\/et_pb_column][et_pb_column type=\u00a0\u00bb1_4&Prime; _builder_version=\u00a0\u00bb4.16&Prime; global_colors_info=\u00a0\u00bb{}\u00a0\u00bb][et_pb_text _builder_version=\u00a0\u00bb4.18.0&Prime; text_font=\u00a0\u00bbDarker Grotesque|600|||||||\u00a0\u00bb text_font_size=\u00a0\u00bb18px\u00a0\u00bb text_line_height=\u00a0\u00bb1.4em\u00a0\u00bb header_4_font=\u00a0\u00bbDarker Grotesque|900|||||||\u00a0\u00bb header_4_font_size=\u00a0\u00bb22px\u00a0\u00bb header_4_line_height=\u00a0\u00bb1.4em\u00a0\u00bb global_colors_info=\u00a0\u00bb{}\u00a0\u00bb]<\/p>\n<h4>Adresse<\/h4>\n<p>19 Rue De Billerach<br \/>66 680 CANOHES<\/p>\n<p>[\/et_pb_text][et_pb_text _builder_version=\u00a0\u00bb4.18.0&Prime; text_font=\u00a0\u00bbDarker Grotesque|600|||||||\u00a0\u00bb text_font_size=\u00a0\u00bb18px\u00a0\u00bb text_line_height=\u00a0\u00bb1.4em\u00a0\u00bb header_4_font=\u00a0\u00bbDarker Grotesque|900|||||||\u00a0\u00bb header_4_font_size=\u00a0\u00bb22px\u00a0\u00bb header_4_line_height=\u00a0\u00bb1.4em\u00a0\u00bb global_colors_info=\u00a0\u00bb{}\u00a0\u00bb]<\/p>\n<h4>Email<\/h4>\n<p>contact@khelidone-groupe.fr<\/p>\n<p>[\/et_pb_text][et_pb_text _builder_version=\u00a0\u00bb4.18.0&Prime; text_font=\u00a0\u00bbDarker Grotesque|600|||||||\u00a0\u00bb text_font_size=\u00a0\u00bb18px\u00a0\u00bb text_line_height=\u00a0\u00bb1.4em\u00a0\u00bb header_4_font=\u00a0\u00bbDarker Grotesque|900|||||||\u00a0\u00bb header_4_font_size=\u00a0\u00bb22px\u00a0\u00bb header_4_line_height=\u00a0\u00bb1.4em\u00a0\u00bb global_colors_info=\u00a0\u00bb{}\u00a0\u00bb]<\/p>\n<h4>T\u00e9l\u00e9phone<\/h4>\n<p>06 22 48 08 05<\/p>\n<p>[\/et_pb_text][\/et_pb_column][et_pb_column type=\u00a0\u00bb1_2&Prime; _builder_version=\u00a0\u00bb4.16&Prime; custom_padding=\u00a0\u00bb|50px|||false|false\u00a0\u00bb custom_padding_tablet=\u00a0\u00bb|0px|||false|false\u00a0\u00bb custom_padding_phone=\u00a0\u00bb\u00a0\u00bb custom_padding_last_edited=\u00a0\u00bbon|tablet\u00a0\u00bb global_colors_info=\u00a0\u00bb{}\u00a0\u00bb][et_pb_signup mailchimp_list=\u00a0\u00bbelegantthemestest|1ea2bbd026&Prime; layout=\u00a0\u00bbtop_bottom\u00a0\u00bb first_name_field=\u00a0\u00bboff\u00a0\u00bb last_name_field=\u00a0\u00bboff\u00a0\u00bb button_text=\u00a0\u00bbRestez connect\u00e9\u00a0\u00bb _builder_version=\u00a0\u00bb4.18.0&Prime; header_font=\u00a0\u00bbDarker Grotesque|900|||||||\u00a0\u00bb header_text_color=\u00a0\u00bb#ddccb8&Prime; header_font_size=\u00a0\u00bb60px\u00a0\u00bb header_line_height=\u00a0\u00bb1.4em\u00a0\u00bb form_field_font=\u00a0\u00bbDarker Grotesque|600|||||||\u00a0\u00bb form_field_font_size=\u00a0\u00bb18px\u00a0\u00bb form_field_line_height=\u00a0\u00bb1.4em\u00a0\u00bb background_enable_color=\u00a0\u00bboff\u00a0\u00bb use_background_color=\u00a0\u00bboff\u00a0\u00bb custom_button=\u00a0\u00bbon\u00a0\u00bb button_text_color=\u00a0\u00bb#ffffff\u00a0\u00bb button_bg_color=\u00a0\u00bb#5b2c60&Prime; button_border_color=\u00a0\u00bbrgba(0,0,0,0)\u00a0\u00bb button_border_radius=\u00a0\u00bb0px\u00a0\u00bb button_letter_spacing=\u00a0\u00bb2px\u00a0\u00bb button_font=\u00a0\u00bbDarker Grotesque|900||on|||||\u00a0\u00bb button_use_icon=\u00a0\u00bboff\u00a0\u00bb button_custom_padding=\u00a0\u00bb15px|40px|15px|40px|true|true\u00a0\u00bb text_orientation=\u00a0\u00bbcenter\u00a0\u00bb custom_margin=\u00a0\u00bb-25px||||false|false\u00a0\u00bb header_font_size_tablet=\u00a0\u00bb42px\u00a0\u00bb header_font_size_phone=\u00a0\u00bb36px\u00a0\u00bb header_font_size_last_edited=\u00a0\u00bbon|desktop\u00a0\u00bb button_text_size_tablet=\u00a0\u00bb\u00a0\u00bb button_text_size_phone=\u00a0\u00bb16px\u00a0\u00bb button_text_size_last_edited=\u00a0\u00bbon|phone\u00a0\u00bb border_radii_fields=\u00a0\u00bbon|0px|0px|0px|0px\u00a0\u00bb locked=\u00a0\u00bboff\u00a0\u00bb global_colors_info=\u00a0\u00bb{}\u00a0\u00bb][\/et_pb_signup][et_pb_text _builder_version=\u00a0\u00bb4.18.0&Prime; _module_preset=\u00a0\u00bbdefault\u00a0\u00bb text_font_size=\u00a0\u00bb10px\u00a0\u00bb global_colors_info=\u00a0\u00bb{}\u00a0\u00bb]<\/p>\n<p>khelidone investissement I\u00a0SASU \u00e0 capital variable de 1 000 \u20ac &#8211; RCS PERPIGNAN B 913 284 337 &#8211; SIRET 913 284 337 000 15 &#8211; APE 6630Z<\/p>\n<p>Khelidon Immo-Gest I\u00a0SAS au capital de 1 000 \u20ac &#8211; RCS PERPIGNAN B 914 681 119 &#8211; SIRET 914 681 119 000 14 &#8211; APE 6831Z I Carte de transaction n\u00b0 CPI 66012022000000028 d\u00e9livr\u00e9e par la CCI PERPIGNAN I Garantie en resonsabilite civile par AXA France IARD, 313 Terrasses de l&rsquo;Arche, 92 727 NANTERRE CEDEX sous le num\u00e9ro de police 10999927204<\/p>\n<p>[\/et_pb_text][\/et_pb_column][\/et_pb_row][\/et_pb_section]<\/p>\n","protected":false},"excerpt":{"rendered":"<p>Nos ProgrammesEntre 12,000\u20ac et 30,000\u20ac de r\u00e9duction d&rsquo;imp\u00f4ts par an pendant 4 ansAu coeur du centre Historique de Perpignan, cette r\u00e9sidence de Standing \u00e0 l\u2019architecture typique de la ville \u00e0 \u00e9t\u00e9 repens\u00e9e int\u00e9rieurement pour laisser place \u00e0 d\u2019agr\u00e9ables appartements de Grand Standing \u00e0 proximit\u00e9 de toutes les commodit\u00e9s.15 Appartements | du T1 Bis au T3 [&hellip;]<\/p>\n","protected":false},"author":1,"featured_media":0,"parent":0,"menu_order":0,"comment_status":"closed","ping_status":"closed","template":"","meta":{"_et_pb_use_builder":"on","_et_pb_old_content":"","_et_gb_content_width":"","footnotes":""},"class_list":["post-51","page","type-page","status-publish","hentry"],"_links":{"self":[{"href":"https:\/\/khelidone-groupe.fr\/index.php?rest_route=\/wp\/v2\/pages\/51","targetHints":{"allow":["GET"]}}],"collection":[{"href":"https:\/\/khelidone-groupe.fr\/index.php?rest_route=\/wp\/v2\/pages"}],"about":[{"href":"https:\/\/khelidone-groupe.fr\/index.php?rest_route=\/wp\/v2\/types\/page"}],"author":[{"embeddable":true,"href":"https:\/\/khelidone-groupe.fr\/index.php?rest_route=\/wp\/v2\/users\/1"}],"replies":[{"embeddable":true,"href":"https:\/\/khelidone-groupe.fr\/index.php?rest_route=%2Fwp%2Fv2%2Fcomments&post=51"}],"version-history":[{"count":19,"href":"https:\/\/khelidone-groupe.fr\/index.php?rest_route=\/wp\/v2\/pages\/51\/revisions"}],"predecessor-version":[{"id":211,"href":"https:\/\/khelidone-groupe.fr\/index.php?rest_route=\/wp\/v2\/pages\/51\/revisions\/211"}],"wp:attachment":[{"href":"https:\/\/khelidone-groupe.fr\/index.php?rest_route=%2Fwp%2Fv2%2Fmedia&parent=51"}],"curies":[{"name":"wp","href":"https:\/\/api.w.org\/{rel}","templated":true}]}}